{"id":1593,"date":"2023-08-09T08:33:18","date_gmt":"2023-08-09T08:33:18","guid":{"rendered":"https:\/\/www.driveco.fi\/main\/?page_id=1593"},"modified":"2023-08-09T08:42:47","modified_gmt":"2023-08-09T08:42:47","slug":"tietosuojaseloste","status":"publish","type":"page","link":"https:\/\/www.driveco.fi\/main\/tietosuojaseloste\/","title":{"rendered":"Tietosuojaseloste"},"content":{"rendered":"\n<p class=\"has-large-font-size\">Tietosuojaseloste<\/p>\n\n\n\n<p>Viimeisin muutos\u00a008.08.2023.<\/p>\n\n\n\n<p>T\u00e4m\u00e4 on\u00a0Drivecon henkil\u00f6tietolain (10 ja 24 \u00a7) ja EU:n yleisen tietosuoja-asetuksen (GDPR) mukainen rekisteri- ja tietosuojaseloste.<\/p>\n\n\n\n<p><strong>1. Rekisterinpit\u00e4j\u00e4<\/strong><strong><\/strong><\/p>\n\n\n\n<p>Driveco Oy<\/p>\n\n\n\n<p>Mets\u00e4nneidonkuja 6, 02130 Espoo<\/p>\n\n\n\n<p>Yhteyshenkil\u00f6n\u00e4 asiassa toimii Jon Uotila, s\u00e4hk\u00f6posti: gdpr@driveco.fi<\/p>\n\n\n\n<p><strong>2. Rekisterin nimi<\/strong><strong><\/strong><\/p>\n\n\n\n<p>Asiakkaiden henkil\u00f6tietojen rekisteri<\/p>\n\n\n\n<p><strong>3. Oikeusperuste ja henkil\u00f6tietojen k\u00e4sittelyn tarkoitus<\/strong><strong><\/strong><\/p>\n\n\n\n<p>EU:n yleisen tietosuoja-asetuksen mukainen oikeusperuste henkil\u00f6tietojen k\u00e4sittelylle on henkil\u00f6n sopimukseen perustuva suostumus, jonka h\u00e4n on antanut joko ty\u00f6nantajalleen, tai Drivecon sopimuskumppanille.<\/p>\n\n\n\n<p><strong>4. Rekisterin tietosis\u00e4lt\u00f6<\/strong><strong><\/strong><\/p>\n\n\n\n<p>Rekisteriin tallennettavia tietoja ovat:&nbsp;henkil\u00f6n nimi, s\u00e4hk\u00f6postiosoite ja puhelinnumero, osoite, yritys\/organisaatio, www-sivustojen osoitteet, verkkoyhteyden IP-osoite sek\u00e4 tilatuista palveluista riippuen ajoneuvon telematiikan kautta yksityistiedoksi m\u00e4\u00e4riteltyj\u00e4 tietoja.<\/p>\n\n\n\n<p><strong>5. S\u00e4\u00e4nn\u00f6nmukaiset tietol\u00e4hteet<\/strong><strong><\/strong><\/p>\n\n\n\n<p>Rekisteriin tallennettavat tiedot saadaan asiakkaalta tai sopimukseen perustuen kolmannelta osapuolelta sek\u00e4 ajoneuvotelematiikan kautta.<\/p>\n\n\n\n<p><strong>6. Tietojen s\u00e4\u00e4nn\u00f6nmukaiset luovutukset ja tietojen siirto EU:n tai ETA:n ulkopuolelle<\/strong><strong><\/strong><\/p>\n\n\n\n<p>Tietoja ei luovuteta s\u00e4\u00e4nn\u00f6nmukaisesti muille tahoille ilman asiakkaan nimenomaista suostumusta. Tietoja voidaan julkaista silt\u00e4 osin kuin niin on sovittu asiakkaan kanssa.<\/p>\n\n\n\n<p>Tietoja s\u00e4ilytet\u00e4\u00e4n EU:n tai ETA:n alueella.<\/p>\n\n\n\n<p><strong>7. Rekisterin suojauksen periaatteet<\/strong><strong><\/strong><\/p>\n\n\n\n<p>Rekisterin k\u00e4sittelyss\u00e4 noudatetaan huolellisuutta ja tietoj\u00e4rjestelmien avulla k\u00e4sitelt\u00e4v\u00e4t tiedot suojataan asianmukaisesti. Kun rekisteritietoja s\u00e4ilytet\u00e4\u00e4n Internet-palvelimilla, niiden laitteiston fyysisest\u00e4 ja digitaalisesta tietoturvasta huolehditaan asiaankuuluvasti. Rekisterinpit\u00e4j\u00e4 huolehtii siit\u00e4, ett\u00e4 tallennettuja tietoja sek\u00e4 palvelimien k\u00e4ytt\u00f6oikeuksia ja muita henkil\u00f6tietojen turvallisuuden kannalta kriittisi\u00e4 tietoja k\u00e4sitell\u00e4\u00e4n luottamuksellisesti ja vain niiden ty\u00f6ntekij\u00f6iden toimesta, joiden ty\u00f6nkuvaan se kuuluu.<\/p>\n\n\n\n<p><strong>8. Tarkastusoikeus ja oikeus vaatia tiedon korjaamista<\/strong><\/p>\n\n\n\n<p>Jokaisella rekisteriss\u00e4 olevalla henkil\u00f6ll\u00e4 on oikeus tarkistaa rekisteriin tallennetut tietonsa, jotka telematiikan osalta n\u00e4kyv\u00e4t henkil\u00f6n asiakkuuden perusteella saamassaan k\u00e4ytt\u00f6liittym\u00e4ss\u00e4 ja muutoin Drivecon taustaj\u00e4rjestelmiss\u00e4.<\/p>\n\n\n\n<p>Rekisteriss\u00e4 olevalla henkil\u00f6ll\u00e4 on EU:n yleisen tietosuoja-asetuksen mukaiset oikeudet. Mik\u00e4li henkil\u00f6 haluaa tarkistaa tai poistaa h\u00e4nest\u00e4 tallennetut tiedot, tulee h\u00e4nen l\u00e4hett\u00e4\u00e4 pyynt\u00f6 kirjallisesti&nbsp;rekisterinpit\u00e4j\u00e4lle. Rekisterinpit\u00e4j\u00e4 voi pyyt\u00e4\u00e4 tarvittaessa pyynn\u00f6n esitt\u00e4j\u00e4\u00e4 todistamaan henkil\u00f6llisyytens\u00e4. Rekisterinpit\u00e4j\u00e4 vastaa asiakkaalle EU:n tietosuoja-asetuksessa s\u00e4\u00e4detyss\u00e4 ajassa.<\/p>\n","protected":false},"excerpt":{"rendered":"<p>Tietosuojaseloste Viimeisin muutos\u00a008.08.2023. T\u00e4m\u00e4 on\u00a0Drivecon henkil\u00f6tietolain (10 ja 24 \u00a7) ja EU:n yleisen tietosuoja-asetuksen (GDPR) mukainen rekisteri- ja tietosuojaseloste. 1. Rekisterinpit\u00e4j\u00e4 Driveco Oy Mets\u00e4nneidonkuja 6, 02130 Espoo Yhteyshenkil\u00f6n\u00e4 asiassa toimii Jon Uotila, s\u00e4hk\u00f6posti: gdpr@driveco.fi 2. Rekisterin nimi Asiakkaiden henkil\u00f6tietojen rekisteri 3. Oikeusperuste ja henkil\u00f6tietojen k\u00e4sittelyn tarkoitus EU:n yleisen tietosuoja-asetuksen mukainen oikeusperuste henkil\u00f6tietojen k\u00e4sittelylle on henkil\u00f6n [&hellip;]<\/p>\n","protected":false},"author":1,"featured_media":0,"parent":0,"menu_order":0,"comment_status":"closed","ping_status":"closed","template":"","meta":[],"yoast_head":"<!-- This site is optimized with the Yoast SEO plugin v17.1 - https:\/\/yoast.com\/wordpress\/plugins\/seo\/ -->\n<title>Driveco - Tietosuojaseloste<\/title>\n<meta name=\"robots\" content=\"index, follow, max-snippet:-1, max-image-preview:large, max-video-preview:-1\" \/>\n<link rel=\"canonical\" href=\"https:\/\/www.driveco.fi\/main\/tietosuojaseloste\/\" \/>\n<meta property=\"og:locale\" content=\"en_US\" \/>\n<meta property=\"og:type\" content=\"article\" \/>\n<meta property=\"og:title\" content=\"Driveco - Tietosuojaseloste\" \/>\n<meta property=\"og:description\" content=\"Tietosuojaseloste Viimeisin muutos\u00a008.08.2023. T\u00e4m\u00e4 on\u00a0Drivecon henkil\u00f6tietolain (10 ja 24 \u00a7) ja EU:n yleisen tietosuoja-asetuksen (GDPR) mukainen rekisteri- ja tietosuojaseloste. 1. Rekisterinpit\u00e4j\u00e4 Driveco Oy Mets\u00e4nneidonkuja 6, 02130 Espoo Yhteyshenkil\u00f6n\u00e4 asiassa toimii Jon Uotila, s\u00e4hk\u00f6posti: gdpr@driveco.fi 2. Rekisterin nimi Asiakkaiden henkil\u00f6tietojen rekisteri 3. Oikeusperuste ja henkil\u00f6tietojen k\u00e4sittelyn tarkoitus EU:n yleisen tietosuoja-asetuksen mukainen oikeusperuste henkil\u00f6tietojen k\u00e4sittelylle on henkil\u00f6n [&hellip;]\" \/>\n<meta property=\"og:url\" content=\"https:\/\/www.driveco.fi\/main\/tietosuojaseloste\/\" \/>\n<meta property=\"og:site_name\" content=\"Driveco\" \/>\n<meta property=\"article:modified_time\" content=\"2023-08-09T08:42:47+00:00\" \/>\n<meta name=\"twitter:card\" content=\"summary_large_image\" \/>\n<meta name=\"twitter:label1\" content=\"Est. reading time\" \/>\n\t<meta name=\"twitter:data1\" content=\"2 minutes\" \/>\n<script type=\"application\/ld+json\" class=\"yoast-schema-graph\">{\"@context\":\"https:\/\/schema.org\",\"@graph\":[{\"@type\":\"Organization\",\"@id\":\"https:\/\/www.driveco.fi\/main\/#organization\",\"name\":\"Driveco\",\"url\":\"https:\/\/www.driveco.fi\/main\/\",\"sameAs\":[\"https:\/\/www.linkedin.com\/company\/drivecofi\/\"],\"logo\":{\"@type\":\"ImageObject\",\"@id\":\"https:\/\/www.driveco.fi\/main\/#logo\",\"inLanguage\":\"en-US\",\"url\":\"https:\/\/www.driveco.fi\/main\/wp-content\/uploads\/2021\/09\/DrivecoLogo_taustaton.png\",\"contentUrl\":\"https:\/\/www.driveco.fi\/main\/wp-content\/uploads\/2021\/09\/DrivecoLogo_taustaton.png\",\"width\":2394,\"height\":800,\"caption\":\"Driveco\"},\"image\":{\"@id\":\"https:\/\/www.driveco.fi\/main\/#logo\"}},{\"@type\":\"WebSite\",\"@id\":\"https:\/\/www.driveco.fi\/main\/#website\",\"url\":\"https:\/\/www.driveco.fi\/main\/\",\"name\":\"Driveco\",\"description\":\"\",\"publisher\":{\"@id\":\"https:\/\/www.driveco.fi\/main\/#organization\"},\"potentialAction\":[{\"@type\":\"SearchAction\",\"target\":{\"@type\":\"EntryPoint\",\"urlTemplate\":\"https:\/\/www.driveco.fi\/main\/?s={search_term_string}\"},\"query-input\":\"required name=search_term_string\"}],\"inLanguage\":\"en-US\"},{\"@type\":\"WebPage\",\"@id\":\"https:\/\/www.driveco.fi\/main\/tietosuojaseloste\/#webpage\",\"url\":\"https:\/\/www.driveco.fi\/main\/tietosuojaseloste\/\",\"name\":\"Driveco - Tietosuojaseloste\",\"isPartOf\":{\"@id\":\"https:\/\/www.driveco.fi\/main\/#website\"},\"datePublished\":\"2023-08-09T08:33:18+00:00\",\"dateModified\":\"2023-08-09T08:42:47+00:00\",\"breadcrumb\":{\"@id\":\"https:\/\/www.driveco.fi\/main\/tietosuojaseloste\/#breadcrumb\"},\"inLanguage\":\"en-US\",\"potentialAction\":[{\"@type\":\"ReadAction\",\"target\":[\"https:\/\/www.driveco.fi\/main\/tietosuojaseloste\/\"]}]},{\"@type\":\"BreadcrumbList\",\"@id\":\"https:\/\/www.driveco.fi\/main\/tietosuojaseloste\/#breadcrumb\",\"itemListElement\":[{\"@type\":\"ListItem\",\"position\":1,\"name\":\"Home\",\"item\":\"https:\/\/www.driveco.fi\/main\/\"},{\"@type\":\"ListItem\",\"position\":2,\"name\":\"Tietosuojaseloste\"}]}]}<\/script>\n<!-- \/ Yoast SEO plugin. -->","yoast_head_json":{"title":"Driveco - Tietosuojaseloste","robots":{"index":"index","follow":"follow","max-snippet":"max-snippet:-1","max-image-preview":"max-image-preview:large","max-video-preview":"max-video-preview:-1"},"canonical":"https:\/\/www.driveco.fi\/main\/tietosuojaseloste\/","og_locale":"en_US","og_type":"article","og_title":"Driveco - Tietosuojaseloste","og_description":"Tietosuojaseloste Viimeisin muutos\u00a008.08.2023. T\u00e4m\u00e4 on\u00a0Drivecon henkil\u00f6tietolain (10 ja 24 \u00a7) ja EU:n yleisen tietosuoja-asetuksen (GDPR) mukainen rekisteri- ja tietosuojaseloste. 1. Rekisterinpit\u00e4j\u00e4 Driveco Oy Mets\u00e4nneidonkuja 6, 02130 Espoo Yhteyshenkil\u00f6n\u00e4 asiassa toimii Jon Uotila, s\u00e4hk\u00f6posti: gdpr@driveco.fi 2. Rekisterin nimi Asiakkaiden henkil\u00f6tietojen rekisteri 3. Oikeusperuste ja henkil\u00f6tietojen k\u00e4sittelyn tarkoitus EU:n yleisen tietosuoja-asetuksen mukainen oikeusperuste henkil\u00f6tietojen k\u00e4sittelylle on henkil\u00f6n [&hellip;]","og_url":"https:\/\/www.driveco.fi\/main\/tietosuojaseloste\/","og_site_name":"Driveco","article_modified_time":"2023-08-09T08:42:47+00:00","twitter_card":"summary_large_image","twitter_misc":{"Est. reading time":"2 minutes"},"schema":{"@context":"https:\/\/schema.org","@graph":[{"@type":"Organization","@id":"https:\/\/www.driveco.fi\/main\/#organization","name":"Driveco","url":"https:\/\/www.driveco.fi\/main\/","sameAs":["https:\/\/www.linkedin.com\/company\/drivecofi\/"],"logo":{"@type":"ImageObject","@id":"https:\/\/www.driveco.fi\/main\/#logo","inLanguage":"en-US","url":"https:\/\/www.driveco.fi\/main\/wp-content\/uploads\/2021\/09\/DrivecoLogo_taustaton.png","contentUrl":"https:\/\/www.driveco.fi\/main\/wp-content\/uploads\/2021\/09\/DrivecoLogo_taustaton.png","width":2394,"height":800,"caption":"Driveco"},"image":{"@id":"https:\/\/www.driveco.fi\/main\/#logo"}},{"@type":"WebSite","@id":"https:\/\/www.driveco.fi\/main\/#website","url":"https:\/\/www.driveco.fi\/main\/","name":"Driveco","description":"","publisher":{"@id":"https:\/\/www.driveco.fi\/main\/#organization"},"potentialAction":[{"@type":"SearchAction","target":{"@type":"EntryPoint","urlTemplate":"https:\/\/www.driveco.fi\/main\/?s={search_term_string}"},"query-input":"required name=search_term_string"}],"inLanguage":"en-US"},{"@type":"WebPage","@id":"https:\/\/www.driveco.fi\/main\/tietosuojaseloste\/#webpage","url":"https:\/\/www.driveco.fi\/main\/tietosuojaseloste\/","name":"Driveco - Tietosuojaseloste","isPartOf":{"@id":"https:\/\/www.driveco.fi\/main\/#website"},"datePublished":"2023-08-09T08:33:18+00:00","dateModified":"2023-08-09T08:42:47+00:00","breadcrumb":{"@id":"https:\/\/www.driveco.fi\/main\/tietosuojaseloste\/#breadcrumb"},"inLanguage":"en-US","potentialAction":[{"@type":"ReadAction","target":["https:\/\/www.driveco.fi\/main\/tietosuojaseloste\/"]}]},{"@type":"BreadcrumbList","@id":"https:\/\/www.driveco.fi\/main\/tietosuojaseloste\/#breadcrumb","itemListElement":[{"@type":"ListItem","position":1,"name":"Home","item":"https:\/\/www.driveco.fi\/main\/"},{"@type":"ListItem","position":2,"name":"Tietosuojaseloste"}]}]}},"_links":{"self":[{"href":"https:\/\/www.driveco.fi\/main\/wp-json\/wp\/v2\/pages\/1593"}],"collection":[{"href":"https:\/\/www.driveco.fi\/main\/wp-json\/wp\/v2\/pages"}],"about":[{"href":"https:\/\/www.driveco.fi\/main\/wp-json\/wp\/v2\/types\/page"}],"author":[{"embeddable":true,"href":"https:\/\/www.driveco.fi\/main\/wp-json\/wp\/v2\/users\/1"}],"replies":[{"embeddable":true,"href":"https:\/\/www.driveco.fi\/main\/wp-json\/wp\/v2\/comments?post=1593"}],"version-history":[{"count":3,"href":"https:\/\/www.driveco.fi\/main\/wp-json\/wp\/v2\/pages\/1593\/revisions"}],"predecessor-version":[{"id":1599,"href":"https:\/\/www.driveco.fi\/main\/wp-json\/wp\/v2\/pages\/1593\/revisions\/1599"}],"wp:attachment":[{"href":"https:\/\/www.driveco.fi\/main\/wp-json\/wp\/v2\/media?parent=1593"}],"curies":[{"name":"wp","href":"https:\/\/api.w.org\/{rel}","templated":true}]}}